{"id":40940,"date":"2026-04-20T21:42:31","date_gmt":"2026-04-20T18:42:31","guid":{"rendered":"https:\/\/dijitaltekzaman.com\/yenisite\/?page_id=40940"},"modified":"2026-04-20T21:46:54","modified_gmt":"2026-04-20T18:46:54","slug":"banka-bilgileri","status":"publish","type":"page","link":"https:\/\/dijitaltekzaman.com\/yenisite\/banka-bilgileri\/","title":{"rendered":"Banka Bilgileri"},"content":{"rendered":"\t\t<div data-elementor-type=\"wp-page\" data-elementor-id=\"40940\" class=\"elementor elementor-40940\">\n\t\t\t\t<div class=\"elementor-element elementor-element-ba34d24 e-con-full e-flex cmsmasters-block-default e-con e-parent\" data-id=\"ba34d24\" data-element_type=\"container\" data-e-type=\"container\">\n\t\t<div class=\"elementor-element elementor-element-a103170 e-con-full e-flex cmsmasters-block-default e-con e-child\" data-id=\"a103170\" data-element_type=\"container\" data-e-type=\"container\" data-settings=\"{&quot;background_background&quot;:&quot;classic&quot;}\">\n\t\t\t\t<div class=\"elementor-element elementor-element-bb8fe99 cmsmasters-block-default cmsmasters-sticky-default elementor-invisible elementor-widget elementor-widget-button\" data-id=\"bb8fe99\" data-element_type=\"widget\" data-e-type=\"widget\" data-settings=\"{&quot;_animation&quot;:&quot;cmsmasters-fade-in-up&quot;}\" data-widget_type=\"button.default\">\n\t\t\t\t\t\t\t\t\t\t<a class=\"elementor-button elementor-size-sm\" role=\"button\">\n\t\t\t\t\t\t<span class=\"elementor-button-content-wrapper\">\n\t\t\t\t\t\t\t\t\t<span class=\"elementor-button-text\">Banka Bilgileri<\/span>\n\t\t\t\t\t<\/span>\n\t\t\t\t\t<\/a>\n\t\t\t\t\t\t\t\t<\/div>\n\t\t\t\t<div class=\"elementor-element elementor-element-a653aaa cmsmasters-block-default cmsmasters-sticky-default elementor-invisible elementor-widget elementor-widget-heading\" data-id=\"a653aaa\" data-element_type=\"widget\" data-e-type=\"widget\" data-settings=\"{&quot;_animation&quot;:&quot;cmsmasters-fade-in-up&quot;,&quot;_animation_delay&quot;:200}\" data-widget_type=\"heading.default\">\n\t\t\t\t\t<h1 class=\"elementor-heading-title elementor-size-default\"><a href=\"http:\/\/Kurumsal%20Banka%20Hesap%20Bilgileri\">Bizimle \u00c7al\u0131\u015fma \u0130ster Misiniz?<\/a><\/h1>\t\t\t\t<\/div>\n\t\t\t\t<div class=\"elementor-element elementor-element-8d1b814 cmsmasters-block-default cmsmasters-sticky-default elementor-invisible elementor-widget elementor-widget-text-editor\" data-id=\"8d1b814\" data-element_type=\"widget\" data-e-type=\"widget\" data-settings=\"{&quot;_animation&quot;:&quot;cmsmasters-fade-in-up&quot;,&quot;_animation_delay&quot;:300}\" data-widget_type=\"text-editor.default\">\n\t\t\t\t\t\t\t\t\t<div class=\"flex max-w-full flex-col gap-4 grow\"><div class=\"min-h-8 text-message relative flex w-full flex-col items-end gap-2 text-start break-words whitespace-normal outline-none keyboard-focused:focus-ring [.text-message+&amp;]:mt-1\" dir=\"auto\" tabindex=\"0\" data-message-author-role=\"assistant\" data-message-id=\"1759fd43-0e92-437f-bfd2-e421e604e651\" data-message-model-slug=\"gpt-5-3\" data-turn-start-message=\"true\"><div class=\"flex w-full flex-col gap-1 empty:hidden\"><div class=\"markdown prose dark:prose-invert w-full wrap-break-word light markdown-new-styling\"><p data-start=\"0\" data-end=\"50\" data-is-last-node=\"\" data-is-only-node=\"\">Ayr\u0131nt\u0131lar<\/p><\/div><\/div><\/div><\/div>\t\t\t\t\t\t\t\t<\/div>\n\t\t\t\t<\/div>\n\t\t<div class=\"elementor-element elementor-element-f75e836 e-con-full e-flex cmsmasters-bg-hide-none cmsmasters-bg-hide-none cmsmasters-block-default e-con e-child\" data-id=\"f75e836\" data-element_type=\"container\" data-e-type=\"container\" data-settings=\"{&quot;background_background&quot;:&quot;classic&quot;}\">\n\t\t\t\t<div class=\"elementor-element elementor-element-d0b2e53 cmsmasters-block-default cmsmasters-sticky-default elementor-widget elementor-widget-spacer\" data-id=\"d0b2e53\" data-element_type=\"widget\" data-e-type=\"widget\" data-widget_type=\"spacer.default\">\n\t\t\t\t\t\t\t<div class=\"elementor-spacer\">\n\t\t\t<div class=\"elementor-spacer-inner\"><\/div>\n\t\t<\/div>\n\t\t\t\t\t\t<\/div>\n\t\t\t\t<\/div>\n\t\t\t\t<\/div>\n\t\t<div class=\"elementor-element elementor-element-0e9e2b0 e-flex e-con-boxed cmsmasters-block-default e-con e-parent\" data-id=\"0e9e2b0\" data-element_type=\"container\" data-e-type=\"container\">\n\t\t\t\t\t<div class=\"e-con-inner\">\n\t\t\t\t<div class=\"elementor-element elementor-element-38c9624 cmsmasters-block-default cmsmasters-sticky-default elementor-widget elementor-widget-text-editor\" data-id=\"38c9624\" data-element_type=\"widget\" data-e-type=\"widget\" data-widget_type=\"text-editor.default\">\n\t\t\t\t\t\t\t\t\t<p>Kuveyt T\u00fcrk Kat\u0131l\u0131m Bankas\u0131<\/p><p>Dijitaltek Zaman Kontrol ve g\u00fcvenlik Sistemleri San. ve Tic. Ltd. \u015eti.<br \/><br \/>IBAN: TR64 0020 5000 0991 2436 2000 01<br \/>Vergi Dairesi: \u015ei\u015fli<br \/>Vergi No: 295 127 17 09<\/p>\t\t\t\t\t\t\t\t<\/div>\n\t\t\t\t\t<\/div>\n\t\t\t\t<\/div>\n\t\t\t\t<\/div>\n\t\t","protected":false},"excerpt":{"rendered":"<p>Banka Bilgileri Bizimle \u00c7al\u0131\u015fma \u0130ster Misiniz? Ayr\u0131nt\u0131lar Kuveyt T\u00fcrk Kat\u0131l\u0131m Bankas\u0131 Dijitaltek Zaman Kontrol ve g\u00fcvenlik Sistemleri San. ve Tic. Ltd. \u015eti. IBAN: TR64 0020 5000 0991 2436 2000 01Vergi Dairesi: \u015ei\u015fliVergi No: 295 127 17 09<\/p>\n","protected":false},"author":1,"featured_media":40941,"parent":0,"menu_order":0,"comment_status":"closed","ping_status":"closed","template":"","meta":{"_acf_changed":false,"footnotes":""},"categories":[],"tags":[],"class_list":["post-40940","page","type-page","status-publish","has-post-thumbnail","hentry"],"acf":[],"yoast_head":"<!-- This site is optimized with the Yoast SEO plugin v27.0 - https:\/\/yoast.com\/product\/yoast-seo-wordpress\/ -->\n<title>Banka Bilgileri - DijitalTek Zaman Kontrol Sistemleri<\/title>\n<meta name=\"description\" content=\"\u00d6deme bilgi ve \u015firketin resmi \u00f6deme bilgileri hakk\u0131nda ayr\u0131nt\u0131lar \u00f6\u011frenin. Daha fazla bilgi i\u00e7in bizimle irtibata ge\u00e7in.\" \/>\n<meta name=\"robots\" content=\"noindex, follow, max-snippet:-1, max-image-preview:large, max-video-preview:-1\" \/>\n<meta property=\"og:locale\" content=\"tr_TR\" \/>\n<meta property=\"og:type\" content=\"article\" \/>\n<meta property=\"og:title\" content=\"Banka Bilgileri - DijitalTek Zaman Kontrol Sistemleri\" \/>\n<meta property=\"og:description\" content=\"\u00d6deme bilgi ve \u015firketin resmi \u00f6deme bilgileri hakk\u0131nda ayr\u0131nt\u0131lar \u00f6\u011frenin. Daha fazla bilgi i\u00e7in bizimle irtibata ge\u00e7in.\" \/>\n<meta property=\"og:url\" content=\"https:\/\/dijitaltekzaman.com\/yenisite\/banka-bilgileri\/\" \/>\n<meta property=\"og:site_name\" content=\"DijitalTek Zaman Kontrol Sistemleri\" \/>\n<meta property=\"article:publisher\" content=\"https:\/\/www.facebook.com\/profile.php?id=100083171868951\" \/>\n<meta property=\"article:modified_time\" content=\"2026-04-20T18:46:54+00:00\" \/>\n<meta property=\"og:image\" content=\"https:\/\/dijitaltekzaman.com\/yenisite\/wp-content\/uploads\/2026\/04\/banka.jpg\" \/>\n\t<meta property=\"og:image:width\" content=\"1080\" \/>\n\t<meta property=\"og:image:height\" content=\"1080\" \/>\n\t<meta property=\"og:image:type\" content=\"image\/jpeg\" \/>\n<meta name=\"twitter:card\" content=\"summary_large_image\" \/>\n<meta name=\"twitter:label1\" content=\"Tahmini okuma s\u00fcresi\" \/>\n\t<meta name=\"twitter:data1\" content=\"1 dakika\" \/>\n<script type=\"application\/ld+json\" class=\"yoast-schema-graph\">{\"@context\":\"https:\/\/schema.org\",\"@graph\":[{\"@type\":\"WebPage\",\"@id\":\"https:\/\/dijitaltekzaman.com\/yenisite\/banka-bilgileri\/\",\"url\":\"https:\/\/dijitaltekzaman.com\/yenisite\/banka-bilgileri\/\",\"name\":\"Banka Bilgileri - DijitalTek Zaman Kontrol Sistemleri\",\"isPartOf\":{\"@id\":\"https:\/\/dijitaltekzaman.com\/yenisite\/#website\"},\"primaryImageOfPage\":{\"@id\":\"https:\/\/dijitaltekzaman.com\/yenisite\/banka-bilgileri\/#primaryimage\"},\"image\":{\"@id\":\"https:\/\/dijitaltekzaman.com\/yenisite\/banka-bilgileri\/#primaryimage\"},\"thumbnailUrl\":\"https:\/\/dijitaltekzaman.com\/yenisite\/wp-content\/uploads\/2026\/04\/banka.jpg\",\"datePublished\":\"2026-04-20T18:42:31+00:00\",\"dateModified\":\"2026-04-20T18:46:54+00:00\",\"description\":\"\u00d6deme bilgi ve \u015firketin resmi \u00f6deme bilgileri hakk\u0131nda ayr\u0131nt\u0131lar \u00f6\u011frenin. Daha fazla bilgi i\u00e7in bizimle irtibata ge\u00e7in.\",\"breadcrumb\":{\"@id\":\"https:\/\/dijitaltekzaman.com\/yenisite\/banka-bilgileri\/#breadcrumb\"},\"inLanguage\":\"tr\",\"potentialAction\":[{\"@type\":\"ReadAction\",\"target\":[\"https:\/\/dijitaltekzaman.com\/yenisite\/banka-bilgileri\/\"]}]},{\"@type\":\"ImageObject\",\"inLanguage\":\"tr\",\"@id\":\"https:\/\/dijitaltekzaman.com\/yenisite\/banka-bilgileri\/#primaryimage\",\"url\":\"https:\/\/dijitaltekzaman.com\/yenisite\/wp-content\/uploads\/2026\/04\/banka.jpg\",\"contentUrl\":\"https:\/\/dijitaltekzaman.com\/yenisite\/wp-content\/uploads\/2026\/04\/banka.jpg\",\"width\":1080,\"height\":1080,\"caption\":\"banka\"},{\"@type\":\"BreadcrumbList\",\"@id\":\"https:\/\/dijitaltekzaman.com\/yenisite\/banka-bilgileri\/#breadcrumb\",\"itemListElement\":[{\"@type\":\"ListItem\",\"position\":1,\"name\":\"Anasayfa\",\"item\":\"https:\/\/dijitaltekzaman.com\/yenisite\/\"},{\"@type\":\"ListItem\",\"position\":2,\"name\":\"Banka Bilgileri\"}]},{\"@type\":\"WebSite\",\"@id\":\"https:\/\/dijitaltekzaman.com\/yenisite\/#website\",\"url\":\"https:\/\/dijitaltekzaman.com\/yenisite\/\",\"name\":\"Dijitaltek Zaman Kontrol Sistemleri\",\"description\":\"\",\"publisher\":{\"@id\":\"https:\/\/dijitaltekzaman.com\/yenisite\/#organization\"},\"potentialAction\":[{\"@type\":\"SearchAction\",\"target\":{\"@type\":\"EntryPoint\",\"urlTemplate\":\"https:\/\/dijitaltekzaman.com\/yenisite\/?s={search_term_string}\"},\"query-input\":{\"@type\":\"PropertyValueSpecification\",\"valueRequired\":true,\"valueName\":\"search_term_string\"}}],\"inLanguage\":\"tr\"},{\"@type\":\"Organization\",\"@id\":\"https:\/\/dijitaltekzaman.com\/yenisite\/#organization\",\"name\":\"Dijitaltek Zaman Kontrol Sistemleri\",\"url\":\"https:\/\/dijitaltekzaman.com\/yenisite\/\",\"logo\":{\"@type\":\"ImageObject\",\"inLanguage\":\"tr\",\"@id\":\"https:\/\/dijitaltekzaman.com\/yenisite\/#\/schema\/logo\/image\/\",\"url\":\"https:\/\/dijitaltekzaman.com\/yenisite\/wp-content\/uploads\/2026\/02\/logo2.png\",\"contentUrl\":\"https:\/\/dijitaltekzaman.com\/yenisite\/wp-content\/uploads\/2026\/02\/logo2.png\",\"width\":300,\"height\":72,\"caption\":\"Dijitaltek Zaman Kontrol Sistemleri\"},\"image\":{\"@id\":\"https:\/\/dijitaltekzaman.com\/yenisite\/#\/schema\/logo\/image\/\"},\"sameAs\":[\"https:\/\/www.facebook.com\/profile.php?id=100083171868951\",\"https:\/\/www.instagram.com\/dijitaltekzaman\/\"]}]}<\/script>\n<!-- \/ Yoast SEO plugin. -->","yoast_head_json":{"title":"Banka Bilgileri - DijitalTek Zaman Kontrol Sistemleri","description":"\u00d6deme bilgi ve \u015firketin resmi \u00f6deme bilgileri hakk\u0131nda ayr\u0131nt\u0131lar \u00f6\u011frenin. Daha fazla bilgi i\u00e7in bizimle irtibata ge\u00e7in.","robots":{"index":"noindex","follow":"follow","max-snippet":"max-snippet:-1","max-image-preview":"max-image-preview:large","max-video-preview":"max-video-preview:-1"},"og_locale":"tr_TR","og_type":"article","og_title":"Banka Bilgileri - DijitalTek Zaman Kontrol Sistemleri","og_description":"\u00d6deme bilgi ve \u015firketin resmi \u00f6deme bilgileri hakk\u0131nda ayr\u0131nt\u0131lar \u00f6\u011frenin. Daha fazla bilgi i\u00e7in bizimle irtibata ge\u00e7in.","og_url":"https:\/\/dijitaltekzaman.com\/yenisite\/banka-bilgileri\/","og_site_name":"DijitalTek Zaman Kontrol Sistemleri","article_publisher":"https:\/\/www.facebook.com\/profile.php?id=100083171868951","article_modified_time":"2026-04-20T18:46:54+00:00","og_image":[{"width":1080,"height":1080,"url":"https:\/\/dijitaltekzaman.com\/yenisite\/wp-content\/uploads\/2026\/04\/banka.jpg","type":"image\/jpeg"}],"twitter_card":"summary_large_image","twitter_misc":{"Tahmini okuma s\u00fcresi":"1 dakika"},"schema":{"@context":"https:\/\/schema.org","@graph":[{"@type":"WebPage","@id":"https:\/\/dijitaltekzaman.com\/yenisite\/banka-bilgileri\/","url":"https:\/\/dijitaltekzaman.com\/yenisite\/banka-bilgileri\/","name":"Banka Bilgileri - DijitalTek Zaman Kontrol Sistemleri","isPartOf":{"@id":"https:\/\/dijitaltekzaman.com\/yenisite\/#website"},"primaryImageOfPage":{"@id":"https:\/\/dijitaltekzaman.com\/yenisite\/banka-bilgileri\/#primaryimage"},"image":{"@id":"https:\/\/dijitaltekzaman.com\/yenisite\/banka-bilgileri\/#primaryimage"},"thumbnailUrl":"https:\/\/dijitaltekzaman.com\/yenisite\/wp-content\/uploads\/2026\/04\/banka.jpg","datePublished":"2026-04-20T18:42:31+00:00","dateModified":"2026-04-20T18:46:54+00:00","description":"\u00d6deme bilgi ve \u015firketin resmi \u00f6deme bilgileri hakk\u0131nda ayr\u0131nt\u0131lar \u00f6\u011frenin. Daha fazla bilgi i\u00e7in bizimle irtibata ge\u00e7in.","breadcrumb":{"@id":"https:\/\/dijitaltekzaman.com\/yenisite\/banka-bilgileri\/#breadcrumb"},"inLanguage":"tr","potentialAction":[{"@type":"ReadAction","target":["https:\/\/dijitaltekzaman.com\/yenisite\/banka-bilgileri\/"]}]},{"@type":"ImageObject","inLanguage":"tr","@id":"https:\/\/dijitaltekzaman.com\/yenisite\/banka-bilgileri\/#primaryimage","url":"https:\/\/dijitaltekzaman.com\/yenisite\/wp-content\/uploads\/2026\/04\/banka.jpg","contentUrl":"https:\/\/dijitaltekzaman.com\/yenisite\/wp-content\/uploads\/2026\/04\/banka.jpg","width":1080,"height":1080,"caption":"banka"},{"@type":"BreadcrumbList","@id":"https:\/\/dijitaltekzaman.com\/yenisite\/banka-bilgileri\/#breadcrumb","itemListElement":[{"@type":"ListItem","position":1,"name":"Anasayfa","item":"https:\/\/dijitaltekzaman.com\/yenisite\/"},{"@type":"ListItem","position":2,"name":"Banka Bilgileri"}]},{"@type":"WebSite","@id":"https:\/\/dijitaltekzaman.com\/yenisite\/#website","url":"https:\/\/dijitaltekzaman.com\/yenisite\/","name":"Dijitaltek Zaman Kontrol Sistemleri","description":"","publisher":{"@id":"https:\/\/dijitaltekzaman.com\/yenisite\/#organization"},"potentialAction":[{"@type":"SearchAction","target":{"@type":"EntryPoint","urlTemplate":"https:\/\/dijitaltekzaman.com\/yenisite\/?s={search_term_string}"},"query-input":{"@type":"PropertyValueSpecification","valueRequired":true,"valueName":"search_term_string"}}],"inLanguage":"tr"},{"@type":"Organization","@id":"https:\/\/dijitaltekzaman.com\/yenisite\/#organization","name":"Dijitaltek Zaman Kontrol Sistemleri","url":"https:\/\/dijitaltekzaman.com\/yenisite\/","logo":{"@type":"ImageObject","inLanguage":"tr","@id":"https:\/\/dijitaltekzaman.com\/yenisite\/#\/schema\/logo\/image\/","url":"https:\/\/dijitaltekzaman.com\/yenisite\/wp-content\/uploads\/2026\/02\/logo2.png","contentUrl":"https:\/\/dijitaltekzaman.com\/yenisite\/wp-content\/uploads\/2026\/02\/logo2.png","width":300,"height":72,"caption":"Dijitaltek Zaman Kontrol Sistemleri"},"image":{"@id":"https:\/\/dijitaltekzaman.com\/yenisite\/#\/schema\/logo\/image\/"},"sameAs":["https:\/\/www.facebook.com\/profile.php?id=100083171868951","https:\/\/www.instagram.com\/dijitaltekzaman\/"]}]}},"_links":{"self":[{"href":"https:\/\/dijitaltekzaman.com\/yenisite\/wp-json\/wp\/v2\/pages\/40940","targetHints":{"allow":["GET"]}}],"collection":[{"href":"https:\/\/dijitaltekzaman.com\/yenisite\/wp-json\/wp\/v2\/pages"}],"about":[{"href":"https:\/\/dijitaltekzaman.com\/yenisite\/wp-json\/wp\/v2\/types\/page"}],"author":[{"embeddable":true,"href":"https:\/\/dijitaltekzaman.com\/yenisite\/wp-json\/wp\/v2\/users\/1"}],"replies":[{"embeddable":true,"href":"https:\/\/dijitaltekzaman.com\/yenisite\/wp-json\/wp\/v2\/comments?post=40940"}],"version-history":[{"count":7,"href":"https:\/\/dijitaltekzaman.com\/yenisite\/wp-json\/wp\/v2\/pages\/40940\/revisions"}],"predecessor-version":[{"id":40949,"href":"https:\/\/dijitaltekzaman.com\/yenisite\/wp-json\/wp\/v2\/pages\/40940\/revisions\/40949"}],"wp:featuredmedia":[{"embeddable":true,"href":"https:\/\/dijitaltekzaman.com\/yenisite\/wp-json\/wp\/v2\/media\/40941"}],"wp:attachment":[{"href":"https:\/\/dijitaltekzaman.com\/yenisite\/wp-json\/wp\/v2\/media?parent=40940"}],"wp:term":[{"taxonomy":"category","embeddable":true,"href":"https:\/\/dijitaltekzaman.com\/yenisite\/wp-json\/wp\/v2\/categories?post=40940"},{"taxonomy":"post_tag","embeddable":true,"href":"https:\/\/dijitaltekzaman.com\/yenisite\/wp-json\/wp\/v2\/tags?post=40940"}],"curies":[{"name":"wp","href":"https:\/\/api.w.org\/{rel}","templated":true}]}}