{"id":38573,"date":"2024-09-12T16:03:41","date_gmt":"2024-09-12T16:03:41","guid":{"rendered":"https:\/\/theme-dev.cmsmasters.net\/aesthetica\/?page_id=38573"},"modified":"2026-04-24T12:59:04","modified_gmt":"2026-04-24T09:59:04","slug":"contacts","status":"publish","type":"page","link":"https:\/\/dijitaltekzaman.com\/yenisite\/contacts\/","title":{"rendered":"Contacts"},"content":{"rendered":"\t\t<div data-elementor-type=\"wp-page\" data-elementor-id=\"38573\" class=\"elementor elementor-38573\">\n\t\t\t\t<div class=\"elementor-element elementor-element-c8cfedf e-con-full e-flex cmsmasters-block-default e-con e-parent\" data-id=\"c8cfedf\" data-element_type=\"container\" data-e-type=\"container\">\n\t\t<div class=\"elementor-element elementor-element-8ea4348 e-con-full e-flex cmsmasters-bg-hide-none cmsmasters-bg-hide-none cmsmasters-block-default e-con e-child\" data-id=\"8ea4348\" data-element_type=\"container\" data-e-type=\"container\" data-settings=\"{&quot;background_background&quot;:&quot;classic&quot;}\">\n\t\t\t\t<div class=\"elementor-element elementor-element-ea63868 cmsmasters-block-default cmsmasters-sticky-default elementor-widget elementor-widget-spacer\" data-id=\"ea63868\" data-element_type=\"widget\" data-e-type=\"widget\" data-widget_type=\"spacer.default\">\n\t\t\t\t\t\t\t<div class=\"elementor-spacer\">\n\t\t\t<div class=\"elementor-spacer-inner\"><\/div>\n\t\t<\/div>\n\t\t\t\t\t\t<\/div>\n\t\t\t\t<\/div>\n\t\t<div class=\"elementor-element elementor-element-c5011b4 e-con-full e-flex cmsmasters-bg-hide-none cmsmasters-bg-hide-none cmsmasters-block-default e-con e-child\" data-id=\"c5011b4\" data-element_type=\"container\" data-e-type=\"container\" data-settings=\"{&quot;background_background&quot;:&quot;classic&quot;}\">\n\t\t\t\t<div class=\"elementor-element elementor-element-85da8b4 cmsmasters-block-default cmsmasters-sticky-default elementor-invisible elementor-widget elementor-widget-button\" data-id=\"85da8b4\" data-element_type=\"widget\" data-e-type=\"widget\" data-settings=\"{&quot;_animation&quot;:&quot;cmsmasters-fade-in-up&quot;}\" data-widget_type=\"button.default\">\n\t\t\t\t\t\t\t\t\t\t<a class=\"elementor-button elementor-size-sm\" role=\"button\">\n\t\t\t\t\t\t<span class=\"elementor-button-content-wrapper\">\n\t\t\t\t\t\t\t\t\t<span class=\"elementor-button-text\">\u0130leti\u015fim<\/span>\n\t\t\t\t\t<\/span>\n\t\t\t\t\t<\/a>\n\t\t\t\t\t\t\t\t<\/div>\n\t\t<div class=\"elementor-element elementor-element-85076ff e-con-full e-flex cmsmasters-block-default e-con e-child\" data-id=\"85076ff\" data-element_type=\"container\" data-e-type=\"container\">\n\t\t\t\t<div data-animation-type=\"block\" class=\"animation_type_block elementor-element elementor-element-e40afe2 cmsmasters-widget-marker-view-stacked cmsmasters-widget-layout-row cmsmasters-widget-align-stretch cmsmasters-widget-direction-default cmsmasters-widget-marker-element-icon cmsmasters-widget-marker-shape-circle animation_type_block cmsmasters-block-default cmsmasters-sticky-default elementor-invisible elementor-widget elementor-widget-cmsmasters-icon-list cmsmasters-widget-icon-list\" data-animation-stagger=\"200\" data-separate-animation-selector=\".cmsmasters-widget-icon-list-item\" data-text-animation-class=\"sequental, random, line, word, char\" data-id=\"e40afe2\" data-element_type=\"widget\" data-e-type=\"widget\" data-settings=\"{&quot;_animation&quot;:&quot;cmsmasters-fade-in-up&quot;,&quot;_animation_delay&quot;:600}\" data-widget_type=\"cmsmasters-icon-list.default\">\n\t\t\t\t\t\t\t<ul class=\"cmsmasters-widget-icon-list-items\">\r\n\t\t\t\t\t\t\t<li class=\"cmsmasters-widget-icon-list-item active-icon-item active-link-item\">\r\n\t\t\t\t<a href=\"tel:1-800-123-1234\">\t\t\t\t<span class=\"cmsmasters-widget-icon-list-item-text-wrap\">\r\n\t\t\t\t\t\t\t\t\t\t\t<span class=\"cmsmasters-widget-icon-list-item-icon\">\r\n\t\t\t\t\t\t\t<span>\r\n\t\t\t\t\t\t\t\t\t\t\t\t\t\t\t\t\t<i aria-hidden=\"true\" class=\"cmsmsdemo-icon- cmsms-demo-icon-phone\"><\/i>\t\t\t\t\t\t\t\t\t\t\t\t\t\t\t<\/span>\r\n\t\t\t\t\t\t<\/span>\r\n\t\t\t\t\t\t\t\t\t\t<span class=\"cmsmasters-widget-icon-list-item-text-inner elementor-repeater-item-acc9910\">\r\n\t\t\t\t\t\t<span class=\"cmsmasters-widget-icon-list-item-text\">\r\n\t\t\t\t\t\t\tAra:  +90 (212) 392 95 91\t\t\t\t\t\t<\/span>\r\n\t\t\t\t\t\t\t\t\t\t\t<\/span>\r\n\t\t\t\t<\/span>\r\n\t\t\t\t<\/a>\t\t\t\t<\/li>\r\n\t\t\t\t\t<\/ul>\r\n\t\t\t\t\t\t<\/div>\n\t\t\t\t<\/div>\n\t\t\t\t<\/div>\n\t\t\t\t<\/div>\n\t\t<div class=\"elementor-element elementor-element-739d881 e-flex e-con-boxed cmsmasters-block-default e-con e-parent\" data-id=\"739d881\" data-element_type=\"container\" data-e-type=\"container\">\n\t\t\t\t\t<div class=\"e-con-inner\">\n\t\t<div class=\"elementor-element elementor-element-3fceefb e-con-full e-flex cmsmasters-block-default e-con e-child\" data-id=\"3fceefb\" data-element_type=\"container\" data-e-type=\"container\">\n\t\t\t\t<div class=\"elementor-element elementor-element-2a0e5ac elementor-widget__width-initial cmsmasters-block-default cmsmasters-sticky-default elementor-invisible elementor-widget elementor-widget-heading\" data-id=\"2a0e5ac\" data-element_type=\"widget\" data-e-type=\"widget\" data-settings=\"{&quot;_animation&quot;:&quot;cmsmasters-fade-in-up&quot;}\" data-widget_type=\"heading.default\">\n\t\t\t\t\t<h2 class=\"elementor-heading-title elementor-size-default\">Contact Information<\/h2>\t\t\t\t<\/div>\n\t\t\t\t<div class=\"elementor-element elementor-element-c6dddfa cmsmasters-block-default cmsmasters-sticky-default elementor-invisible elementor-widget elementor-widget-text-editor\" data-id=\"c6dddfa\" data-element_type=\"widget\" data-e-type=\"widget\" data-settings=\"{&quot;_animation&quot;:&quot;cmsmasters-fade-in-up&quot;,&quot;_animation_delay&quot;:200}\" data-widget_type=\"text-editor.default\">\n\t\t\t\t\t\t\t\t\t<p>Learn more about our clinic and doctors and why they are trusted by so many families in our community.<\/p>\t\t\t\t\t\t\t\t<\/div>\n\t\t<div class=\"elementor-element elementor-element-684a7f0 e-flex e-con-boxed cmsmasters-block-default e-con e-child\" data-id=\"684a7f0\" data-element_type=\"container\" data-e-type=\"container\">\n\t\t\t\t\t<div class=\"e-con-inner\">\n\t\t<div class=\"elementor-element elementor-element-7e1aaba e-con-full e-flex cmsmasters-block-default elementor-invisible e-con e-child\" data-id=\"7e1aaba\" data-element_type=\"container\" data-e-type=\"container\" data-settings=\"{&quot;animation&quot;:&quot;cmsmasters-fade-in-up&quot;,&quot;animation_delay&quot;:400}\">\n\t\t\t\t<div class=\"elementor-element elementor-element-a9ba3d7 cmsmasters-block-default cmsmasters-sticky-default elementor-widget elementor-widget-heading\" data-id=\"a9ba3d7\" data-element_type=\"widget\" data-e-type=\"widget\" data-widget_type=\"heading.default\">\n\t\t\t\t\t<h6 class=\"elementor-heading-title elementor-size-default\">Merkez:<\/h6>\t\t\t\t<\/div>\n\t\t\t\t<div class=\"elementor-element elementor-element-56298d0 cmsmasters-block-default cmsmasters-sticky-default elementor-widget elementor-widget-text-editor\" data-id=\"56298d0\" data-element_type=\"widget\" data-e-type=\"widget\" data-widget_type=\"text-editor.default\">\n\t\t\t\t\t\t\t\t\t<p>Perpa Tic. Merkezi B Blok Kat: 13 No: 2491 \u015ei\u015fli \/ \u0130STApple Valley, MN 55124<\/p>\t\t\t\t\t\t\t\t<\/div>\n\t\t\t\t<\/div>\n\t\t<div class=\"elementor-element elementor-element-894904e e-con-full e-flex cmsmasters-block-default elementor-invisible e-con e-child\" data-id=\"894904e\" data-element_type=\"container\" data-e-type=\"container\" data-settings=\"{&quot;animation&quot;:&quot;cmsmasters-fade-in-up&quot;,&quot;animation_delay&quot;:600}\">\n\t\t\t\t<div class=\"elementor-element elementor-element-8a50e2a cmsmasters-block-default cmsmasters-sticky-default elementor-widget elementor-widget-heading\" data-id=\"8a50e2a\" data-element_type=\"widget\" data-e-type=\"widget\" data-widget_type=\"heading.default\">\n\t\t\t\t\t<h6 class=\"elementor-heading-title elementor-size-default\">\u00c7al\u0131\u015fma saatler:<\/h6>\t\t\t\t<\/div>\n\t\t\t\t<div class=\"elementor-element elementor-element-26d00e4 cmsmasters-block-default cmsmasters-sticky-default elementor-widget elementor-widget-text-editor\" data-id=\"26d00e4\" data-element_type=\"widget\" data-e-type=\"widget\" data-widget_type=\"text-editor.default\">\n\t\t\t\t\t\t\t\t\t<p>Ptesi \u2013 Ctesi<br \/>9.00 \u2013 7.00<\/p>\t\t\t\t\t\t\t\t<\/div>\n\t\t\t\t<\/div>\n\t\t\t\t\t<\/div>\n\t\t\t\t<\/div>\n\t\t\t\t<\/div>\n\t\t<div class=\"elementor-element elementor-element-a506bc1 e-con-full animated-slow e-flex cmsmasters-bg-hide-none cmsmasters-bg-hide-none cmsmasters-block-default elementor-invisible e-con e-child\" data-id=\"a506bc1\" data-element_type=\"container\" data-e-type=\"container\" data-settings=\"{&quot;background_background&quot;:&quot;classic&quot;,&quot;animation&quot;:&quot;cmsmasters-fade-in&quot;}\">\n\t\t\t\t<div class=\"elementor-element elementor-element-b67c682 cmsmasters-block-default cmsmasters-sticky-default elementor-widget elementor-widget-spacer\" data-id=\"b67c682\" data-element_type=\"widget\" data-e-type=\"widget\" data-widget_type=\"spacer.default\">\n\t\t\t\t\t\t\t<div class=\"elementor-spacer\">\n\t\t\t<div class=\"elementor-spacer-inner\"><\/div>\n\t\t<\/div>\n\t\t\t\t\t\t<\/div>\n\t\t\t\t<\/div>\n\t\t\t\t\t<\/div>\n\t\t\t\t<\/div>\n\t\t\t\t<\/div>\n\t\t","protected":false},"excerpt":{"rendered":"<p>\u0130leti\u015fim Ara: +90 (212) 392 95 91 Contact Information Learn more about our clinic and doctors and why they are trusted by so many families in our community. Merkez: Perpa Tic. Merkezi B Blok Kat: 13 No: 2491 \u015ei\u015fli \/ \u0130STApple Valley, MN 55124 \u00c7al\u0131\u015fma saatler: Ptesi \u2013 Ctesi9.00 \u2013 7.00<\/p>\n","protected":false},"author":1,"featured_media":0,"parent":0,"menu_order":0,"comment_status":"closed","ping_status":"closed","template":"","meta":{"_acf_changed":false,"footnotes":""},"categories":[],"tags":[],"class_list":["post-38573","page","type-page","status-publish","hentry"],"acf":[],"yoast_head":"<!-- This site is optimized with the Yoast SEO plugin v27.0 - https:\/\/yoast.com\/product\/yoast-seo-wordpress\/ -->\n<title>Contacts - DijitalTek Zaman Kontrol Sistemleri<\/title>\n<meta name=\"robots\" content=\"noindex, follow, max-snippet:-1, max-image-preview:large, max-video-preview:-1\" \/>\n<meta property=\"og:locale\" content=\"tr_TR\" \/>\n<meta property=\"og:type\" content=\"article\" \/>\n<meta property=\"og:title\" content=\"Contacts - DijitalTek Zaman Kontrol Sistemleri\" \/>\n<meta property=\"og:description\" content=\"\u0130leti\u015fim Ara: +90 (212) 392 95 91 Contact Information Learn more about our clinic and doctors and why they are trusted by so many families in our community. Merkez: Perpa Tic. Merkezi B Blok Kat: 13 No: 2491 \u015ei\u015fli \/ \u0130STApple Valley, MN 55124 \u00c7al\u0131\u015fma saatler: Ptesi \u2013 Ctesi9.00 \u2013 7.00\" \/>\n<meta property=\"og:url\" content=\"https:\/\/dijitaltekzaman.com\/yenisite\/contacts\/\" \/>\n<meta property=\"og:site_name\" content=\"DijitalTek Zaman Kontrol Sistemleri\" \/>\n<meta property=\"article:publisher\" content=\"https:\/\/www.facebook.com\/profile.php?id=100083171868951\" \/>\n<meta property=\"article:modified_time\" content=\"2026-04-24T09:59:04+00:00\" \/>\n<meta name=\"twitter:card\" content=\"summary_large_image\" \/>\n<meta name=\"twitter:label1\" content=\"Tahmini okuma s\u00fcresi\" \/>\n\t<meta name=\"twitter:data1\" content=\"1 dakika\" \/>\n<script type=\"application\/ld+json\" class=\"yoast-schema-graph\">{\"@context\":\"https:\/\/schema.org\",\"@graph\":[{\"@type\":\"WebPage\",\"@id\":\"https:\/\/dijitaltekzaman.com\/yenisite\/contacts\/\",\"url\":\"https:\/\/dijitaltekzaman.com\/yenisite\/contacts\/\",\"name\":\"Contacts - DijitalTek Zaman Kontrol Sistemleri\",\"isPartOf\":{\"@id\":\"https:\/\/dijitaltekzaman.com\/yenisite\/#website\"},\"datePublished\":\"2024-09-12T16:03:41+00:00\",\"dateModified\":\"2026-04-24T09:59:04+00:00\",\"breadcrumb\":{\"@id\":\"https:\/\/dijitaltekzaman.com\/yenisite\/contacts\/#breadcrumb\"},\"inLanguage\":\"tr\",\"potentialAction\":[{\"@type\":\"ReadAction\",\"target\":[\"https:\/\/dijitaltekzaman.com\/yenisite\/contacts\/\"]}]},{\"@type\":\"BreadcrumbList\",\"@id\":\"https:\/\/dijitaltekzaman.com\/yenisite\/contacts\/#breadcrumb\",\"itemListElement\":[{\"@type\":\"ListItem\",\"position\":1,\"name\":\"Anasayfa\",\"item\":\"https:\/\/dijitaltekzaman.com\/yenisite\/\"},{\"@type\":\"ListItem\",\"position\":2,\"name\":\"Contacts\"}]},{\"@type\":\"WebSite\",\"@id\":\"https:\/\/dijitaltekzaman.com\/yenisite\/#website\",\"url\":\"https:\/\/dijitaltekzaman.com\/yenisite\/\",\"name\":\"Dijitaltek Zaman Kontrol Sistemleri\",\"description\":\"\",\"publisher\":{\"@id\":\"https:\/\/dijitaltekzaman.com\/yenisite\/#organization\"},\"potentialAction\":[{\"@type\":\"SearchAction\",\"target\":{\"@type\":\"EntryPoint\",\"urlTemplate\":\"https:\/\/dijitaltekzaman.com\/yenisite\/?s={search_term_string}\"},\"query-input\":{\"@type\":\"PropertyValueSpecification\",\"valueRequired\":true,\"valueName\":\"search_term_string\"}}],\"inLanguage\":\"tr\"},{\"@type\":\"Organization\",\"@id\":\"https:\/\/dijitaltekzaman.com\/yenisite\/#organization\",\"name\":\"Dijitaltek Zaman Kontrol Sistemleri\",\"url\":\"https:\/\/dijitaltekzaman.com\/yenisite\/\",\"logo\":{\"@type\":\"ImageObject\",\"inLanguage\":\"tr\",\"@id\":\"https:\/\/dijitaltekzaman.com\/yenisite\/#\/schema\/logo\/image\/\",\"url\":\"https:\/\/dijitaltekzaman.com\/yenisite\/wp-content\/uploads\/2026\/02\/logo2.png\",\"contentUrl\":\"https:\/\/dijitaltekzaman.com\/yenisite\/wp-content\/uploads\/2026\/02\/logo2.png\",\"width\":300,\"height\":72,\"caption\":\"Dijitaltek Zaman Kontrol Sistemleri\"},\"image\":{\"@id\":\"https:\/\/dijitaltekzaman.com\/yenisite\/#\/schema\/logo\/image\/\"},\"sameAs\":[\"https:\/\/www.facebook.com\/profile.php?id=100083171868951\",\"https:\/\/www.instagram.com\/dijitaltekzaman\/\"]}]}<\/script>\n<!-- \/ Yoast SEO plugin. -->","yoast_head_json":{"title":"Contacts - DijitalTek Zaman Kontrol Sistemleri","robots":{"index":"noindex","follow":"follow","max-snippet":"max-snippet:-1","max-image-preview":"max-image-preview:large","max-video-preview":"max-video-preview:-1"},"og_locale":"tr_TR","og_type":"article","og_title":"Contacts - DijitalTek Zaman Kontrol Sistemleri","og_description":"\u0130leti\u015fim Ara: +90 (212) 392 95 91 Contact Information Learn more about our clinic and doctors and why they are trusted by so many families in our community. Merkez: Perpa Tic. Merkezi B Blok Kat: 13 No: 2491 \u015ei\u015fli \/ \u0130STApple Valley, MN 55124 \u00c7al\u0131\u015fma saatler: Ptesi \u2013 Ctesi9.00 \u2013 7.00","og_url":"https:\/\/dijitaltekzaman.com\/yenisite\/contacts\/","og_site_name":"DijitalTek Zaman Kontrol Sistemleri","article_publisher":"https:\/\/www.facebook.com\/profile.php?id=100083171868951","article_modified_time":"2026-04-24T09:59:04+00:00","twitter_card":"summary_large_image","twitter_misc":{"Tahmini okuma s\u00fcresi":"1 dakika"},"schema":{"@context":"https:\/\/schema.org","@graph":[{"@type":"WebPage","@id":"https:\/\/dijitaltekzaman.com\/yenisite\/contacts\/","url":"https:\/\/dijitaltekzaman.com\/yenisite\/contacts\/","name":"Contacts - DijitalTek Zaman Kontrol Sistemleri","isPartOf":{"@id":"https:\/\/dijitaltekzaman.com\/yenisite\/#website"},"datePublished":"2024-09-12T16:03:41+00:00","dateModified":"2026-04-24T09:59:04+00:00","breadcrumb":{"@id":"https:\/\/dijitaltekzaman.com\/yenisite\/contacts\/#breadcrumb"},"inLanguage":"tr","potentialAction":[{"@type":"ReadAction","target":["https:\/\/dijitaltekzaman.com\/yenisite\/contacts\/"]}]},{"@type":"BreadcrumbList","@id":"https:\/\/dijitaltekzaman.com\/yenisite\/contacts\/#breadcrumb","itemListElement":[{"@type":"ListItem","position":1,"name":"Anasayfa","item":"https:\/\/dijitaltekzaman.com\/yenisite\/"},{"@type":"ListItem","position":2,"name":"Contacts"}]},{"@type":"WebSite","@id":"https:\/\/dijitaltekzaman.com\/yenisite\/#website","url":"https:\/\/dijitaltekzaman.com\/yenisite\/","name":"Dijitaltek Zaman Kontrol Sistemleri","description":"","publisher":{"@id":"https:\/\/dijitaltekzaman.com\/yenisite\/#organization"},"potentialAction":[{"@type":"SearchAction","target":{"@type":"EntryPoint","urlTemplate":"https:\/\/dijitaltekzaman.com\/yenisite\/?s={search_term_string}"},"query-input":{"@type":"PropertyValueSpecification","valueRequired":true,"valueName":"search_term_string"}}],"inLanguage":"tr"},{"@type":"Organization","@id":"https:\/\/dijitaltekzaman.com\/yenisite\/#organization","name":"Dijitaltek Zaman Kontrol Sistemleri","url":"https:\/\/dijitaltekzaman.com\/yenisite\/","logo":{"@type":"ImageObject","inLanguage":"tr","@id":"https:\/\/dijitaltekzaman.com\/yenisite\/#\/schema\/logo\/image\/","url":"https:\/\/dijitaltekzaman.com\/yenisite\/wp-content\/uploads\/2026\/02\/logo2.png","contentUrl":"https:\/\/dijitaltekzaman.com\/yenisite\/wp-content\/uploads\/2026\/02\/logo2.png","width":300,"height":72,"caption":"Dijitaltek Zaman Kontrol Sistemleri"},"image":{"@id":"https:\/\/dijitaltekzaman.com\/yenisite\/#\/schema\/logo\/image\/"},"sameAs":["https:\/\/www.facebook.com\/profile.php?id=100083171868951","https:\/\/www.instagram.com\/dijitaltekzaman\/"]}]}},"_links":{"self":[{"href":"https:\/\/dijitaltekzaman.com\/yenisite\/wp-json\/wp\/v2\/pages\/38573","targetHints":{"allow":["GET"]}}],"collection":[{"href":"https:\/\/dijitaltekzaman.com\/yenisite\/wp-json\/wp\/v2\/pages"}],"about":[{"href":"https:\/\/dijitaltekzaman.com\/yenisite\/wp-json\/wp\/v2\/types\/page"}],"author":[{"embeddable":true,"href":"https:\/\/dijitaltekzaman.com\/yenisite\/wp-json\/wp\/v2\/users\/1"}],"replies":[{"embeddable":true,"href":"https:\/\/dijitaltekzaman.com\/yenisite\/wp-json\/wp\/v2\/comments?post=38573"}],"version-history":[{"count":7,"href":"https:\/\/dijitaltekzaman.com\/yenisite\/wp-json\/wp\/v2\/pages\/38573\/revisions"}],"predecessor-version":[{"id":40957,"href":"https:\/\/dijitaltekzaman.com\/yenisite\/wp-json\/wp\/v2\/pages\/38573\/revisions\/40957"}],"wp:attachment":[{"href":"https:\/\/dijitaltekzaman.com\/yenisite\/wp-json\/wp\/v2\/media?parent=38573"}],"wp:term":[{"taxonomy":"category","embeddable":true,"href":"https:\/\/dijitaltekzaman.com\/yenisite\/wp-json\/wp\/v2\/categories?post=38573"},{"taxonomy":"post_tag","embeddable":true,"href":"https:\/\/dijitaltekzaman.com\/yenisite\/wp-json\/wp\/v2\/tags?post=38573"}],"curies":[{"name":"wp","href":"https:\/\/api.w.org\/{rel}","templated":true}]}}